{"id":66,"date":"2015-01-01T12:14:47","date_gmt":"2015-01-01T12:14:47","guid":{"rendered":"http:\/\/wptest.bigband-memmingen.de\/?page_id=66"},"modified":"2026-02-13T20:13:58","modified_gmt":"2026-02-13T19:13:58","slug":"kontakt","status":"publish","type":"page","link":"https:\/\/bigband-memmingen.de\/?page_id=66","title":{"rendered":"Kontakt"},"content":{"rendered":"\n<h4 class=\"wp-block-heading\"><span style=\"color: #ff0000;\">Management \/ Auftrittsanfragen<\/span><\/h4>\n\n\n\n<figure class=\"wp-block-table\"><table><tbody><tr><td><span style=\"color: #000080;\"><strong>Christoph Walter<\/strong><\/span><\/td><td><span style=\"color: #000080;\">Email <a style=\"color: #000080;\" href=\"mailto:vorstand@bigband-mm.de?subject=An%20den%20Vorstand%20der%20Big%20Band%20Memmingen\">vorstand@bigband-mm.de<\/a><\/span><\/td><\/tr><\/tbody><\/table><\/figure>\n\n\n\n<h4 class=\"wp-block-heading\"><span style=\"color: #ff0000;\">Musikalische Leitung<\/span><\/h4>\n\n\n\n<figure class=\"wp-block-table\"><table><tbody><tr><td>&nbsp;<span style=\"color: #000080;\">Sonja Ratzinger<\/span><\/td><td><\/td><\/tr><\/tbody><\/table><\/figure>\n\n\n\n<h4 class=\"wp-block-heading\"><span style=\"color: #ff0000;\">Vorstandsmitglieder<\/span><\/h4>\n\n\n\n<figure class=\"wp-block-table\"><table><tbody><tr><td><span style=\"color: #000080;\"><strong>J\u00f6rg Riekenbrauck<\/strong><\/span><\/td><td><span style=\"color: #000080;\">Vorsitzender<\/span><\/td><\/tr><tr><td><span style=\"color: #000080;\"><strong>Thomas Obert<\/strong><\/span><\/td><td><span style=\"color: #000080;\">Vorsitzender<\/span><\/td><\/tr><tr><td><span style=\"color: #000080;\"><strong>Daniel H\u00f6sch<br>\n<\/strong><\/span><\/td><td><span style=\"color: #000080;\">Vorsitzender<\/span><\/td><\/tr><tr><td><span style=\"color: #000080;\"><strong>Nikolai Goerts<br> <\/strong><\/span><\/td><td><span style=\"color: #000080;\">Schatzmeister<\/span><\/td><\/tr><tr><td><span style=\"color: #000080;\"><strong>Tim Petersohn<br> <\/strong><\/span><\/td><td><span style=\"color: #000080;\">Schriftf\u00fchrer<\/span><\/td><\/tr><\/tbody><\/table><\/figure>\n","protected":false},"excerpt":{"rendered":"<p>Management \/ Auftrittsanfragen Christoph Walter Email vorstand@bigband-mm.de Musikalische Leitung &nbsp;Sonja Ratzinger Vorstandsmitglieder J\u00f6rg Riekenbrauck Vorsitzender Thomas Obert Vorsitzender Daniel H\u00f6sch Vorsitzender Nikolai Goerts Schatzmeister Tim Petersohn Schriftf\u00fchrer<\/p>\n","protected":false},"author":1,"featured_media":0,"parent":0,"menu_order":6,"comment_status":"open","ping_status":"closed","template":"","meta":{"footnotes":""},"class_list":["post-66","page","type-page","status-publish","hentry"],"_links":{"self":[{"href":"https:\/\/bigband-memmingen.de\/index.php?rest_route=\/wp\/v2\/pages\/66","targetHints":{"allow":["GET"]}}],"collection":[{"href":"https:\/\/bigband-memmingen.de\/index.php?rest_route=\/wp\/v2\/pages"}],"about":[{"href":"https:\/\/bigband-memmingen.de\/index.php?rest_route=\/wp\/v2\/types\/page"}],"author":[{"embeddable":true,"href":"https:\/\/bigband-memmingen.de\/index.php?rest_route=\/wp\/v2\/users\/1"}],"replies":[{"embeddable":true,"href":"https:\/\/bigband-memmingen.de\/index.php?rest_route=%2Fwp%2Fv2%2Fcomments&post=66"}],"version-history":[{"count":40,"href":"https:\/\/bigband-memmingen.de\/index.php?rest_route=\/wp\/v2\/pages\/66\/revisions"}],"predecessor-version":[{"id":1063,"href":"https:\/\/bigband-memmingen.de\/index.php?rest_route=\/wp\/v2\/pages\/66\/revisions\/1063"}],"wp:attachment":[{"href":"https:\/\/bigband-memmingen.de\/index.php?rest_route=%2Fwp%2Fv2%2Fmedia&parent=66"}],"curies":[{"name":"wp","href":"https:\/\/api.w.org\/{rel}","templated":true}]}}